{"id":9,"date":"2020-12-30T14:22:52","date_gmt":"2020-12-30T14:22:52","guid":{"rendered":"https:\/\/atelierfokus.com\/?page_id=9"},"modified":"2023-10-21T19:24:00","modified_gmt":"2023-10-21T19:24:00","slug":"home","status":"publish","type":"page","link":"https:\/\/atelierfokus.com\/fr_fr\/","title":{"rendered":"ACCUEIL"},"content":{"rendered":"<h2 class=\"wp-block-heading\">\n\t\t\tLe d\u00e9veloppement de votre enfant\n\t\t<\/h2>\n\n\n\n<h2 class=\"wp-block-heading\">\n\t\t\test notre objectif\n\t\t<\/h2>\n\n\n\n<p>Intervention pr\u00e9coce et autres services pour les enfants ayant des difficult\u00e9s d'appentissage.<a href=\"\/contact-us\/\" target=\"_self\" role=\"button\" rel=\"noopener\">\n\t\t\t\t\t\t\tCONTACTER\n\t\t\t\t\t<\/a><\/p>\n\n\n\n<figure class=\"wp-block-image\"><img decoding=\"async\" src=\"https:\/\/atelierfokus.com\/wp-content\/uploads\/2021\/02\/img-home.png\" alt=\"img-home\" title=\"img-home\" class=\"no-lazyload\" \/><\/figure>\n\n\n\n<h1 class=\"wp-block-heading\">\n\t\t\tSoutenez les progr\u00e8s d'apprentissage de votre enfant avec nos services\n\t\t<\/h1>\n\n\n\n<p>Chez Atelier Fokus, nous proposons des services d'\u00e9ducation sp\u00e9cialis\u00e9e pour aider \u00e0 d\u00e9velopper l'esprit et la cr\u00e9ativit\u00e9 de l'enfant. Nous pr\u00e9conisons une intervention pr\u00e9coce pour donner au tout-petit la possibilit\u00e9 de r\u00e9aliser son plein potentiel.<\/p>\n\n\n\n<h2 class=\"wp-block-heading\">\n\t\t\tCe que nous faisons\n\t\t<\/h2>\n\n\n\n<p>Notre \u00e9quipe d'\u00e9ducatrices sp\u00e9cialis\u00e9es collabore avec des professionnels pour surmonter les difficult\u00e9s langagi\u00e8res, motrices, sensorielles et comportementales. Les professionnels effectuent des bilans et \u00e9valuations pour aider nos \u00e9ducatrices sp\u00e9cialis\u00e9es \u00e0 mettre en oeuvre des plans d'int\u00e9gration adapt\u00e9s au tout-petit.<\/p>\n\n\n\n<h2 class=\"wp-block-heading\">\n\t\t\t\u00c0 propos de nous\n\t\t<\/h2>\n\n\n\n<p>Nous sommes des \u00e9ducatrices sp\u00e9cialis\u00e9es de la petite enfance qui sont pr\u00eats, motiv\u00e9s et sp\u00e9cialis\u00e9s pour travailler avec les enfants en garderies. Notre objectif est de mettre en \u0153uvre des approches d'intervention bas\u00e9es sur les int\u00e9r\u00eats et les pr\u00e9f\u00e9rences de l'enfant tout en offrant un soutien en classe pour l'aider \u00e0 atteindre leur d\u00e9veloppement.<a role=\"button\" href=\"\/about-us\/\" target=\"_self\" rel=\"noopener\"> APPRENDRE ENCORE PLUS <\/a><\/p>\n\n\n\n<h2 class=\"wp-block-heading\"> Contactez-nous aujourd'hui ! <\/h2>\n\n\n\n<p>\u00c9crivez-nous aujourd'hui pour discuter de la fa\u00e7on dont nous pouvons vous aider. Nous aimerions avoir de vos nouvelles bient\u00f4t!<a href=\"\/contact-us\/\" target=\"_self\" role=\"button\" rel=\"noopener\">\n\t\t\t\t\t\t\tPARLE-NOUS\n\t\t\t\t\t<\/a><\/p>\n\n\n\n<figure class=\"wp-block-image\"><img decoding=\"async\" src=\"https:\/\/atelierfokus.com\/wp-content\/uploads\/2021\/02\/pexels-natalie-3913426-scaled.jpg\" alt=\"pexels-natalie-3913426\" title=\"pexels-natalie-3913426\" class=\"no-lazyload\" \/><\/figure>","protected":false},"excerpt":{"rendered":"<p>Your Child&#8217;s Development Is Our Focus Early Intervention and Other Services for Children With Learning&nbsp;Difficulties Contact Support Your Child&#8217;s Learning Progress With Our Services At Atelier Fokus, we offer special education services to help develop your child&#8217;s mind and creativity. We advocate early intervention to provide your little one with the opportunity to achieve his&hellip;<\/p>","protected":false},"author":1,"featured_media":0,"parent":0,"menu_order":0,"comment_status":"closed","ping_status":"closed","template":"","meta":{"_coblocks_attr":"","_coblocks_dimensions":"","_coblocks_responsive_height":"","_coblocks_accordion_ie_support":"","footnotes":""},"class_list":["post-9","page","type-page","status-publish","hentry"],"_links":{"self":[{"href":"https:\/\/atelierfokus.com\/fr_fr\/wp-json\/wp\/v2\/pages\/9","targetHints":{"allow":["GET"]}}],"collection":[{"href":"https:\/\/atelierfokus.com\/fr_fr\/wp-json\/wp\/v2\/pages"}],"about":[{"href":"https:\/\/atelierfokus.com\/fr_fr\/wp-json\/wp\/v2\/types\/page"}],"author":[{"embeddable":true,"href":"https:\/\/atelierfokus.com\/fr_fr\/wp-json\/wp\/v2\/users\/1"}],"replies":[{"embeddable":true,"href":"https:\/\/atelierfokus.com\/fr_fr\/wp-json\/wp\/v2\/comments?post=9"}],"version-history":[{"count":4,"href":"https:\/\/atelierfokus.com\/fr_fr\/wp-json\/wp\/v2\/pages\/9\/revisions"}],"predecessor-version":[{"id":875,"href":"https:\/\/atelierfokus.com\/fr_fr\/wp-json\/wp\/v2\/pages\/9\/revisions\/875"}],"wp:attachment":[{"href":"https:\/\/atelierfokus.com\/fr_fr\/wp-json\/wp\/v2\/media?parent=9"}],"curies":[{"name":"wp","href":"https:\/\/api.w.org\/{rel}","templated":true}]}}